{"id":5782,"date":"2021-10-07T10:44:33","date_gmt":"2021-10-07T10:44:33","guid":{"rendered":"https:\/\/makeithappenfarm.com\/a-propos-de-nous\/"},"modified":"2022-02-03T16:52:34","modified_gmt":"2022-02-03T16:52:34","slug":"a-propos-de-nous","status":"publish","type":"page","link":"https:\/\/makeithappenfarm.com\/fr\/a-propos-de-nous\/","title":{"rendered":"\u00c0 Propos de Nous"},"content":{"rendered":"<p>[vc_row row_content_width=\u00a0\u00bbgrid\u00a0\u00bb css=\u00a0\u00bb.vc_custom_1511955592787{padding-top: 92px !important;padding-bottom: 79px !important;}\u00a0\u00bb][vc_column width=\u00a0\u00bb1\/3&Prime;]<div class=\"eltd-elements-holder   eltd-one-column  eltd-responsive-mode-768 \" ><div class=\"eltd-eh-item    \"  data-item-class=\"eltd-eh-custom-4994\" data-1024-1280=\"20px 30px 0 0px\">\n\t<div class=\"eltd-eh-item-inner\">\n\t\t<div class=\"eltd-eh-item-content eltd-eh-custom-4994\" style=\"padding: 31px 0 0 0\">\n\t\t\t[vc_column_text]<div class=\"sobrenos_titulo\">\n            <h3>Notre histoire<\/h3>\n\t\t\t\t\t<\/div>[\/vc_column_text]\t\t<\/div>\n\t<\/div>\n<\/div><\/div>[\/vc_column][vc_column width=\u00a0\u00bb2\/3&Prime;]<div class=\"eltd-elements-holder   eltd-one-column  eltd-responsive-mode-768 \" ><div class=\"eltd-eh-item    \"  data-item-class=\"eltd-eh-custom-1841\" data-1024-1280=\"20px 30px 0 0px\">\n\t<div class=\"eltd-eh-item-inner\">\n\t\t<div class=\"eltd-eh-item-content eltd-eh-custom-1841\" style=\"padding: 31px 0 0 0\">\n\t\t\t[vc_column_text]<div class=\"sobrenos_descricao\">\n                <p>Situ\u00e9 sur l'\u00eele de S\u00e3o Jorge, plus pr\u00e9cis\u00e9ment dans la paroisse d'Urzelina, Make it happening pr\u00e9sente comme carte de visite un espace accueillant avec \u00e9l\u00e9gance et tranquillit\u00e9 pour ceux qui nous rendent visite. pour les amoureux de la nature, ils ont ici l'espace en parfaite symbiose avec le meilleur de cette destination.\r\n\r\n<\/p>\n\t\t\t<\/div>[\/vc_column_text]\t\t<\/div>\n\t<\/div>\n<\/div><\/div>[\/vc_column][\/vc_row][vc_row][vc_column][vc_column_text]<div class=\"sobrenos_imagens\"><div class=\"sobrenos_imagens_img\">\n\t\t\t\t\t\t\t\t<img src=\"https:\/\/makeithappenfarm.com\/wp-content\/uploads\/2022\/02\/DSC8934-Miguel-Sequeira-77-scaled.jpg\"><\/img>\n\t\t\t\t\t\t\t<\/div><div class=\"sobrenos_imagens_img\">\n\t\t\t\t\t\t\t\t<img src=\"https:\/\/makeithappenfarm.com\/wp-content\/uploads\/2022\/02\/MG_0032-27.jpg\"><\/img>\n\t\t\t\t\t\t\t<\/div><div class=\"sobrenos_imagens_img\">\n\t\t\t\t\t\t\t\t<img src=\"https:\/\/makeithappenfarm.com\/wp-content\/uploads\/2022\/02\/MG_9911-3.jpg\"><\/img>\n\t\t\t\t\t\t\t<\/div><div class=\"sobrenos_imagens_img\">\n\t\t\t\t\t\t\t\t<img src=\"https:\/\/makeithappenfarm.com\/wp-content\/uploads\/2022\/02\/MG_9933-11-e1643886267734.jpg\"><\/img>\n\t\t\t\t\t\t\t<\/div><\/div>[\/vc_column_text][\/vc_column][\/vc_row]<\/p>\n","protected":false},"excerpt":{"rendered":"<p>[vc_row row_content_width=\u00a0\u00bbgrid\u00a0\u00bb css=\u00a0\u00bb.vc_custom_1511955592787{padding-top: 92px !important;padding-bottom: 79px !important;}\u00a0\u00bb][vc_column width=\u00a0\u00bb1\/3&Prime;][\/vc_column][vc_column width=\u00a0\u00bb2\/3&Prime;][\/vc_column][\/vc_row][vc_row][vc_column][vc_column_text][\/vc_column_text][\/vc_column][\/vc_row]<\/p>\n","protected":false},"author":1,"featured_media":6056,"parent":0,"menu_order":0,"comment_status":"closed","ping_status":"closed","template":"full-width.php","meta":[],"yoast_head":"<!-- This site is optimized with the Yoast SEO plugin v17.2.1 - https:\/\/yoast.com\/wordpress\/plugins\/seo\/ -->\n<title>\u00c0 Propos de Nous - Make It Happen Unipessoal Lda<\/title>\n<meta name=\"description\" content=\"En savoir plus sur Make it Happen, un h\u00e9bergement local \u00e0 S\u00e3o Jorge id\u00e9al pour les amoureux de la nature. Nous avons aussi une ferme biologique.\" \/>\n<meta name=\"robots\" content=\"noindex, follow\" \/>\n<meta property=\"og:locale\" content=\"fr_FR\" \/>\n<meta property=\"og:type\" content=\"article\" \/>\n<meta property=\"og:title\" content=\"\u00c0 Propos de Nous - Make It Happen Unipessoal Lda\" \/>\n<meta property=\"og:description\" content=\"En savoir plus sur Make it Happen, un h\u00e9bergement local \u00e0 S\u00e3o Jorge id\u00e9al pour les amoureux de la nature. Nous avons aussi une ferme biologique.\" \/>\n<meta property=\"og:url\" content=\"https:\/\/makeithappenfarm.com\/fr\/a-propos-de-nous\/\" \/>\n<meta property=\"og:site_name\" content=\"Make It Happen Unipessoal Lda\" \/>\n<meta property=\"article:modified_time\" content=\"2022-02-03T16:52:34+00:00\" \/>\n<meta property=\"og:image\" content=\"https:\/\/makeithappenfarm.com\/wp-content\/uploads\/2022\/02\/DSC8943-Miguel-Sequeira-79-scaled-e1643885400260.jpg\" \/>\n\t<meta property=\"og:image:width\" content=\"2560\" \/>\n\t<meta property=\"og:image:height\" content=\"2152\" \/>\n<meta name=\"twitter:card\" content=\"summary_large_image\" \/>\n<meta name=\"twitter:label1\" content=\"Dur\u00e9e de lecture estim\u00e9e\" \/>\n\t<meta name=\"twitter:data1\" content=\"1 minute\" \/>\n<script type=\"application\/ld+json\" class=\"yoast-schema-graph\">{\"@context\":\"https:\/\/schema.org\",\"@graph\":[{\"@type\":\"WebSite\",\"@id\":\"https:\/\/makeithappenfarm.com\/#website\",\"url\":\"https:\/\/makeithappenfarm.com\/\",\"name\":\"Make It Happen Unipessoal Lda\",\"description\":\"\",\"potentialAction\":[{\"@type\":\"SearchAction\",\"target\":{\"@type\":\"EntryPoint\",\"urlTemplate\":\"https:\/\/makeithappenfarm.com\/?s={search_term_string}\"},\"query-input\":\"required name=search_term_string\"}],\"inLanguage\":\"fr-FR\"},{\"@type\":\"ImageObject\",\"@id\":\"https:\/\/makeithappenfarm.com\/fr\/a-propos-de-nous\/#primaryimage\",\"inLanguage\":\"fr-FR\",\"url\":\"https:\/\/makeithappenfarm.com\/wp-content\/uploads\/2022\/02\/DSC8943-Miguel-Sequeira-79-scaled-e1643885400260.jpg\",\"contentUrl\":\"https:\/\/makeithappenfarm.com\/wp-content\/uploads\/2022\/02\/DSC8943-Miguel-Sequeira-79-scaled-e1643885400260.jpg\",\"width\":2560,\"height\":2152,\"caption\":\"h\\u00e9bergement local\"},{\"@type\":\"WebPage\",\"@id\":\"https:\/\/makeithappenfarm.com\/fr\/a-propos-de-nous\/#webpage\",\"url\":\"https:\/\/makeithappenfarm.com\/fr\/a-propos-de-nous\/\",\"name\":\"\\u00c0 Propos de Nous - Make It Happen Unipessoal Lda\",\"isPartOf\":{\"@id\":\"https:\/\/makeithappenfarm.com\/#website\"},\"primaryImageOfPage\":{\"@id\":\"https:\/\/makeithappenfarm.com\/fr\/a-propos-de-nous\/#primaryimage\"},\"datePublished\":\"2021-10-07T10:44:33+00:00\",\"dateModified\":\"2022-02-03T16:52:34+00:00\",\"description\":\"En savoir plus sur Make it Happen, un h\\u00e9bergement local \\u00e0 S\\u00e3o Jorge id\\u00e9al pour les amoureux de la nature. Nous avons aussi une ferme biologique.\",\"breadcrumb\":{\"@id\":\"https:\/\/makeithappenfarm.com\/fr\/a-propos-de-nous\/#breadcrumb\"},\"inLanguage\":\"fr-FR\",\"potentialAction\":[{\"@type\":\"ReadAction\",\"target\":[\"https:\/\/makeithappenfarm.com\/fr\/a-propos-de-nous\/\"]}]},{\"@type\":\"BreadcrumbList\",\"@id\":\"https:\/\/makeithappenfarm.com\/fr\/a-propos-de-nous\/#breadcrumb\",\"itemListElement\":[{\"@type\":\"ListItem\",\"position\":1,\"name\":\"In\\u00edcio\",\"item\":\"https:\/\/makeithappenfarm.com\/fr\/\"},{\"@type\":\"ListItem\",\"position\":2,\"name\":\"\\u00c0 Propos de Nous\"}]}]}<\/script>\n<!-- \/ Yoast SEO plugin. -->","yoast_head_json":{"title":"\u00c0 Propos de Nous - Make It Happen Unipessoal Lda","description":"En savoir plus sur Make it Happen, un h\u00e9bergement local \u00e0 S\u00e3o Jorge id\u00e9al pour les amoureux de la nature. Nous avons aussi une ferme biologique.","robots":{"index":"noindex","follow":"follow"},"og_locale":"fr_FR","og_type":"article","og_title":"\u00c0 Propos de Nous - Make It Happen Unipessoal Lda","og_description":"En savoir plus sur Make it Happen, un h\u00e9bergement local \u00e0 S\u00e3o Jorge id\u00e9al pour les amoureux de la nature. Nous avons aussi une ferme biologique.","og_url":"https:\/\/makeithappenfarm.com\/fr\/a-propos-de-nous\/","og_site_name":"Make It Happen Unipessoal Lda","article_modified_time":"2022-02-03T16:52:34+00:00","og_image":[{"width":2560,"height":2152,"url":"https:\/\/makeithappenfarm.com\/wp-content\/uploads\/2022\/02\/DSC8943-Miguel-Sequeira-79-scaled-e1643885400260.jpg","path":"\/home\/makeithappenfarm\/public_html\/wp-content\/uploads\/2022\/02\/DSC8943-Miguel-Sequeira-79-scaled-e1643885400260.jpg","size":"full","id":6056,"alt":"h\u00e9bergement local","pixels":5509120,"type":"image\/jpeg"}],"twitter_card":"summary_large_image","twitter_misc":{"Dur\u00e9e de lecture estim\u00e9e":"1 minute"},"schema":{"@context":"https:\/\/schema.org","@graph":[{"@type":"WebSite","@id":"https:\/\/makeithappenfarm.com\/#website","url":"https:\/\/makeithappenfarm.com\/","name":"Make It Happen Unipessoal Lda","description":"","potentialAction":[{"@type":"SearchAction","target":{"@type":"EntryPoint","urlTemplate":"https:\/\/makeithappenfarm.com\/?s={search_term_string}"},"query-input":"required name=search_term_string"}],"inLanguage":"fr-FR"},{"@type":"ImageObject","@id":"https:\/\/makeithappenfarm.com\/fr\/a-propos-de-nous\/#primaryimage","inLanguage":"fr-FR","url":"https:\/\/makeithappenfarm.com\/wp-content\/uploads\/2022\/02\/DSC8943-Miguel-Sequeira-79-scaled-e1643885400260.jpg","contentUrl":"https:\/\/makeithappenfarm.com\/wp-content\/uploads\/2022\/02\/DSC8943-Miguel-Sequeira-79-scaled-e1643885400260.jpg","width":2560,"height":2152,"caption":"h\u00e9bergement local"},{"@type":"WebPage","@id":"https:\/\/makeithappenfarm.com\/fr\/a-propos-de-nous\/#webpage","url":"https:\/\/makeithappenfarm.com\/fr\/a-propos-de-nous\/","name":"\u00c0 Propos de Nous - Make It Happen Unipessoal Lda","isPartOf":{"@id":"https:\/\/makeithappenfarm.com\/#website"},"primaryImageOfPage":{"@id":"https:\/\/makeithappenfarm.com\/fr\/a-propos-de-nous\/#primaryimage"},"datePublished":"2021-10-07T10:44:33+00:00","dateModified":"2022-02-03T16:52:34+00:00","description":"En savoir plus sur Make it Happen, un h\u00e9bergement local \u00e0 S\u00e3o Jorge id\u00e9al pour les amoureux de la nature. Nous avons aussi une ferme biologique.","breadcrumb":{"@id":"https:\/\/makeithappenfarm.com\/fr\/a-propos-de-nous\/#breadcrumb"},"inLanguage":"fr-FR","potentialAction":[{"@type":"ReadAction","target":["https:\/\/makeithappenfarm.com\/fr\/a-propos-de-nous\/"]}]},{"@type":"BreadcrumbList","@id":"https:\/\/makeithappenfarm.com\/fr\/a-propos-de-nous\/#breadcrumb","itemListElement":[{"@type":"ListItem","position":1,"name":"In\u00edcio","item":"https:\/\/makeithappenfarm.com\/fr\/"},{"@type":"ListItem","position":2,"name":"\u00c0 Propos de Nous"}]}]}},"_links":{"self":[{"href":"https:\/\/makeithappenfarm.com\/fr\/wp-json\/wp\/v2\/pages\/5782"}],"collection":[{"href":"https:\/\/makeithappenfarm.com\/fr\/wp-json\/wp\/v2\/pages"}],"about":[{"href":"https:\/\/makeithappenfarm.com\/fr\/wp-json\/wp\/v2\/types\/page"}],"author":[{"embeddable":true,"href":"https:\/\/makeithappenfarm.com\/fr\/wp-json\/wp\/v2\/users\/1"}],"replies":[{"embeddable":true,"href":"https:\/\/makeithappenfarm.com\/fr\/wp-json\/wp\/v2\/comments?post=5782"}],"version-history":[{"count":4,"href":"https:\/\/makeithappenfarm.com\/fr\/wp-json\/wp\/v2\/pages\/5782\/revisions"}],"predecessor-version":[{"id":6414,"href":"https:\/\/makeithappenfarm.com\/fr\/wp-json\/wp\/v2\/pages\/5782\/revisions\/6414"}],"wp:featuredmedia":[{"embeddable":true,"href":"https:\/\/makeithappenfarm.com\/fr\/wp-json\/wp\/v2\/media\/6056"}],"wp:attachment":[{"href":"https:\/\/makeithappenfarm.com\/fr\/wp-json\/wp\/v2\/media?parent=5782"}],"curies":[{"name":"wp","href":"https:\/\/api.w.org\/{rel}","templated":true}]}}